{"id":12091,"date":"2014-02-07T12:34:39","date_gmt":"2014-02-07T12:34:39","guid":{"rendered":"https:\/\/blog.prodwaregroup.com\/es\/?page_id=12091"},"modified":"2014-02-07T12:34:39","modified_gmt":"2014-02-07T12:34:39","slug":"politica-de-cookies","status":"publish","type":"page","link":"https:\/\/blog.prodwaregroup.com\/es\/politica-de-cookies\/","title":{"rendered":"Pol\u00edtica de Cookies"},"content":{"rendered":"<div id=\"td_uid_1_69df3cc02f779\" class=\"tdc-row\"><div class=\"vc_row td_uid_1_69df3cc02f7b2_rand  wpb_row td-pb-row\" >\n<style scoped>\n\n\/* custom css *\/\n.td_uid_1_69df3cc02f7b2_rand {\r\r\n                    min-height: 0;\r\r\n                }\n<\/style><div class=\"vc_column vc_custom_1439634190953 td_uid_2_69df3cc030736_rand contact-page padding-bottom36 wpb_column vc_column_container tdc-column td-pb-span8\">\n<style scoped>\n\n\/* tdc_composer_block - inline css att *\/\n.vc_custom_1439634190953{background-color: #ffffff !important;}\n<\/style><div class=\"wpb_wrapper\"><div class=\"wpb_wrapper td_block_wrap vc_raw_html td_uid_3_69df3cc0308ce_rand \"><div class=\"td-fix-index\"><h2>Pol\u00edtica de Cookies<\/h2>\n<p>Utilizamos cookies para mejorar tu experiencia de usuario, optimizar nuestro sitio web y hacerlo m\u00e1s f\u00e1cil de usar. Al continuar navegando aceptas nuestra pol\u00edtica de cookies.<\/p>\n<h3>Qu\u00e9 son las cookies<\/h3>\n<div>\n<p>Las cookies son peque\u00f1os ficheros de texto que se alojan en tu ordenador al acceder a determinadas p\u00e1ginas web. Las cookies permiten que las p\u00e1ginas web funcionen correctamente, recuerden tus preferencias, mejoren la experiencia de usuario y proporcionen informaci\u00f3n a los administradores del sitio.<\/p>\n<p>Para m\u00e1s informaci\u00f3n sobre c\u00f3mo funcionan las cookies consulta: <a href=\"https:\/\/www.aepd.es\/\">https:\/\/www.aepd.es\/<\/a><\/p>\n<\/div>\n<h3>Categor\u00edas de cookies utilizadas y su finalidad<\/h3>\n<div>\n<p>Principalmente utilizamos cookies que son necesarias para el correcto funcionamiento del sitio web, as\u00ed como para ofrecerte la mejor experiencia de usuario. Estos tipos de cookies pueden incluir, pero no se limitan a:<\/p>\n<p><strong>Cookies necesarias<\/strong> \u2013 Estas cookies son necesarias para la correcta navegaci\u00f3n por el sitio web y la activaci\u00f3n de sus funcionalidades. Sin estas cookies, los servicios solicitados no se pueden proporcionar.<\/p>\n<p><strong>Cookies de personalizaci\u00f3n<\/strong> \u2013 Estas cookies permiten que nuestro sitio web recuerde informaci\u00f3n como el idioma preferido o la regi\u00f3n donde te encuentras, que afecta a c\u00f3mo se ve el sitio web.<\/p>\n<p><strong>Cookies anal\u00edticas<\/strong> \u2013 Estas cookies recopilan informaci\u00f3n sobre c\u00f3mo utilizas el sitio web, por ejemplo, qu\u00e9 p\u00e1ginas visitas con mayor frecuencia y si se produjo alg\u00fan mensaje de error. La informaci\u00f3n recopilada permanece en el anonimato y no incluye ninguna informaci\u00f3n identificable sobre el visitante del sitio web.<\/p>\n<p><strong>Cookies publicitarias<\/strong> &#8211; Estas cookies se utilizan para enviarte anuncios m\u00e1s relevantes de acuerdo a tus intereses. Estas cookies generalmente son colocadas por las redes de publicidad, como Google. No tenemos publicidad de terceros en nuestro sitio web, por lo que no utilizamos cookies de <em>targeting<\/em> para fines publicitarios. Sin embargo, podemos usarlos para recopilar informaci\u00f3n y anal\u00edticas sobre el sitio. Estas cookies solo utilizan identificadores an\u00f3nimos y no tienen forma de asociar usuarios.<\/p>\n<p><strong>Cookies de terceros<\/strong> &#8211; Algunas de las cookies que utilizamos son de terceros, que nos proporcionan an\u00e1lisis web e inteligencia sobre nuestros sitios web. El tipo de informaci\u00f3n recopilada por estas cookies incluye principalmente la forma en la que interact\u00faas en nuestro sitio web.<\/p>\n<p>Este sitio utiliza Google Analytics, que es una herramienta de an\u00e1lisis proporcionada por Google Inc. (&#171;Google&#187;). Usan sus propias cookies para ayudarnos a analizar mejor c\u00f3mo los usuarios usan este sitio, como las p\u00e1ginas que visitan, los enlaces en los que hacen clic y el tiempo que permanecen en nuestro sitio. Para obtener m\u00e1s informaci\u00f3n sobre c\u00f3mo Google recopila y utiliza la informaci\u00f3n en nuestro nombre, consulta su<a href=\"https:\/\/policies.google.com\/privacy?hl=es\"> pol\u00edtica de privacidad<\/a>.<\/p>\n<\/div>\n<h3>Otras tecnolog\u00edas de seguimiento de usuarios<\/h3>\n<div>\n<p>El sitio contiene im\u00e1genes electr\u00f3nicas conocidas como balizas web o <em>beacons<\/em> (a veces llamadas contadores). Nos permiten contar la cantidad de usuarios que han hecho clic en un anuncio de nuestros productos o servicios de un sitio de terceros. Los <em>beacons<\/em> solo recopilan informaci\u00f3n espec\u00edfica, como el n\u00famero de cookie, la hora y la fecha de la visita y una descripci\u00f3n de la p\u00e1gina en la que est\u00e1 instalada la baliza web.<\/p>\n<p>No es posible rechazar los <em>beacons<\/em> utilizados en las p\u00e1ginas web, es decir, no podr\u00e1s aceptarlas o rechazarlas. Sin embargo, debido a que usamos <em>beacons<\/em> junto con las cookies, puedes limitar su uso eliminando las cookies o cambiando su configuraci\u00f3n en tu navegador.<\/p>\n<\/div>\n<h3>Configuraci\u00f3n de las cookies<\/h3>\n<div>\n<p>Puedes editar la configuraci\u00f3n de cookies para borrar o bloquear cookies espec\u00edficas, como cookies de terceros o todas las cookies. Sin embargo, si bloqueas todas las cookies del sitio web, puede afectar a tu experiencia de usuario y hacer que el sitio web se vuelva inservible.<\/p>\n<p>Puedes acceder a esta configuraci\u00f3n a trav\u00e9s de nuestro banner de cookies o en tu navegador a trav\u00e9s de la configuraci\u00f3n del navegador. Esta opci\u00f3n deber\u00eda estar disponible para la mayor\u00eda de los navegadores. Ten en cuenta que, al borrar todas las cookies, es posible que se pierdan las preferencias de tu sitio web, incluida tu capacidad de exclusi\u00f3n para habilitar las cookies, ya que esta funci\u00f3n requiere la colocaci\u00f3n de una cookie en tu dispositivo.<\/p>\n<p>Consulta c\u00f3mo puedes administrar la configuraci\u00f3n de las cookies en los siguientes navegadores web:<\/p>\n<p><a href=\"https:\/\/support.google.com\/chrome\/answer\/95647?hl=es\">Google Chrome<\/a><\/p>\n<p><a href=\"https:\/\/support.mozilla.org\/es\/kb\/habilitar-y-deshabilitar-cookies-sitios-web-rastrear-preferencias?redirectlocale=es&amp;redirectslug=habilitar-y-deshabilitar-cookies-que-los-sitios-we\">Mozilla Firefox<\/a><\/p>\n<p><a href=\"https:\/\/support.microsoft.com\/es-es\/hub\/4338813\/windows-help?os=windows-10\">Internet Explorer<\/a><\/p>\n<p><a href=\"https:\/\/support.apple.com\/es-es\/guide\/safari\/sfri11471\/mac\">Safari<\/a><\/p>\n<p style=\"text-align: right;\">Fecha de \u00faltima actualizaci\u00f3n: <em>23 de julio de 2019<\/em><\/p>\n<\/div><\/div><\/div><\/div><\/div><div class=\"vc_column td_uid_4_69df3cc0309fd_rand  wpb_column vc_column_container tdc-column td-pb-span4\"><div class=\"wpb_wrapper\"><div class=\"wpb_wrapper td_block_wrap vc_widget_sidebar td_uid_5_69df3cc030b4e_rand \" ><\/div><\/div><\/div><\/div><\/div>\r\n\r\r\n\t\t<script>\r\r\n\r\r\n\t\t\tjQuery(window).load(function () {\r\r\n\t\t\t\tjQuery('body').find('#td_uid_1_69df3cc02f779 .td-element-style').each(function (index, element) {\r\r\n\t\t\t\t\tjQuery(element).css('opacity', 1);\r\r\n\t\t\t\t\treturn;\r\r\n\t\t\t\t});\r\r\n\t\t\t});\r\r\n\r\r\n\t\t<\/script>\r\r\n\r\r\n\t\t\r\n\r\r\n\t\t\t<script>\r\r\n\r\r\n\t\t\t\tjQuery(window).ready(function () {\r\r\n\r\r\n\t\t\t\t\t\/\/ We need timeout because the content must be rendered and interpreted on client\r\r\n\t\t\t\t\tsetTimeout(function () {\r\r\n\r\r\n\t\t\t\t\t\tvar $content = jQuery('body').find('#tdc-live-iframe'),\r\r\n\t\t\t\t\t\t\trefWindow = undefined;\r\r\n\r\r\n\t\t\t\t\t\tif ($content.length) {\r\r\n\t\t\t\t\t\t\t$content = $content.contents();\r\r\n\t\t\t\t\t\t\trefWindow = document.getElementById('tdc-live-iframe').contentWindow || document.getElementById('tdc-live-iframe').contentDocument;\r\r\n\r\r\n\t\t\t\t\t\t} else {\r\r\n\t\t\t\t\t\t\t$content = jQuery('body');\r\r\n\t\t\t\t\t\t\trefWindow = window;\r\r\n\t\t\t\t\t\t}\r\r\n\r\r\n\t\t\t\t\t\t$content.find('#td_uid_1_69df3cc02f779 .td-element-style').each(function (index, element) {\r\r\n\t\t\t\t\t\t\tjQuery(element).css('opacity', 1);\r\r\n\t\t\t\t\t\t\treturn;\r\r\n\t\t\t\t\t\t});\r\r\n\t\t\t\t\t});\r\r\n\r\r\n\t\t\t\t}, 200);\r\r\n\t\t\t<\/script>\r\r\n\r\r\n\t\t\t","protected":false},"excerpt":{"rendered":"","protected":false},"author":320,"featured_media":0,"parent":0,"menu_order":0,"comment_status":"closed","ping_status":"closed","template":"page-vc.php","meta":{"footnotes":""},"class_list":["post-12091","page","type-page","status-publish"],"yoast_head":"<!-- This site is optimized with the Yoast SEO plugin v26.8 - https:\/\/yoast.com\/product\/yoast-seo-wordpress\/ -->\n<title>Pol\u00edtica de Cookies - Prodware Blog ES<\/title>\n<meta name=\"description\" content=\"Pol\u00edtica de Cookies de Prodware Spain, S. A.\" \/>\n<meta name=\"robots\" content=\"index, follow, max-snippet:-1, max-image-preview:large, max-video-preview:-1\" \/>\n<link rel=\"canonical\" href=\"https:\/\/blog.prodwaregroup.com\/es\/politica-de-cookies\/\" \/>\n<meta property=\"og:locale\" content=\"es_ES\" \/>\n<meta property=\"og:type\" content=\"article\" \/>\n<meta property=\"og:title\" content=\"Pol\u00edtica de Cookies - Prodware Blog ES\" \/>\n<meta property=\"og:description\" content=\"Pol\u00edtica de Cookies de Prodware Spain, S. A.\" \/>\n<meta property=\"og:url\" content=\"https:\/\/blog.prodwaregroup.com\/es\/politica-de-cookies\/\" \/>\n<meta property=\"og:site_name\" content=\"Prodware Blog ES\" \/>\n<meta name=\"twitter:card\" content=\"summary_large_image\" \/>\n<meta name=\"twitter:label1\" content=\"Tiempo de lectura\" \/>\n\t<meta name=\"twitter:data1\" content=\"4 minutos\" \/>\n<script type=\"application\/ld+json\" class=\"yoast-schema-graph\">{\"@context\":\"https:\/\/schema.org\",\"@graph\":[{\"@type\":\"WebPage\",\"@id\":\"https:\/\/blog.prodwaregroup.com\/es\/politica-de-cookies\/\",\"url\":\"https:\/\/blog.prodwaregroup.com\/es\/politica-de-cookies\/\",\"name\":\"Pol\u00edtica de Cookies - Prodware Blog ES\",\"isPartOf\":{\"@id\":\"https:\/\/blog.prodwaregroup.com\/es\/#website\"},\"datePublished\":\"2014-02-07T12:34:39+00:00\",\"description\":\"Pol\u00edtica de Cookies de Prodware Spain, S. A.\",\"inLanguage\":\"es\",\"potentialAction\":[{\"@type\":\"ReadAction\",\"target\":[\"https:\/\/blog.prodwaregroup.com\/es\/politica-de-cookies\/\"]}]},{\"@type\":\"WebSite\",\"@id\":\"https:\/\/blog.prodwaregroup.com\/es\/#website\",\"url\":\"https:\/\/blog.prodwaregroup.com\/es\/\",\"name\":\"Prodware Blog ES\",\"description\":\"\",\"potentialAction\":[{\"@type\":\"SearchAction\",\"target\":{\"@type\":\"EntryPoint\",\"urlTemplate\":\"https:\/\/blog.prodwaregroup.com\/es\/?s={search_term_string}\"},\"query-input\":{\"@type\":\"PropertyValueSpecification\",\"valueRequired\":true,\"valueName\":\"search_term_string\"}}],\"inLanguage\":\"es\"}]}<\/script>\n<!-- \/ Yoast SEO plugin. -->","yoast_head_json":{"title":"Pol\u00edtica de Cookies - Prodware Blog ES","description":"Pol\u00edtica de Cookies de Prodware Spain, S. A.","robots":{"index":"index","follow":"follow","max-snippet":"max-snippet:-1","max-image-preview":"max-image-preview:large","max-video-preview":"max-video-preview:-1"},"canonical":"https:\/\/blog.prodwaregroup.com\/es\/politica-de-cookies\/","og_locale":"es_ES","og_type":"article","og_title":"Pol\u00edtica de Cookies - Prodware Blog ES","og_description":"Pol\u00edtica de Cookies de Prodware Spain, S. A.","og_url":"https:\/\/blog.prodwaregroup.com\/es\/politica-de-cookies\/","og_site_name":"Prodware Blog ES","twitter_card":"summary_large_image","twitter_misc":{"Tiempo de lectura":"4 minutos"},"schema":{"@context":"https:\/\/schema.org","@graph":[{"@type":"WebPage","@id":"https:\/\/blog.prodwaregroup.com\/es\/politica-de-cookies\/","url":"https:\/\/blog.prodwaregroup.com\/es\/politica-de-cookies\/","name":"Pol\u00edtica de Cookies - Prodware Blog ES","isPartOf":{"@id":"https:\/\/blog.prodwaregroup.com\/es\/#website"},"datePublished":"2014-02-07T12:34:39+00:00","description":"Pol\u00edtica de Cookies de Prodware Spain, S. A.","inLanguage":"es","potentialAction":[{"@type":"ReadAction","target":["https:\/\/blog.prodwaregroup.com\/es\/politica-de-cookies\/"]}]},{"@type":"WebSite","@id":"https:\/\/blog.prodwaregroup.com\/es\/#website","url":"https:\/\/blog.prodwaregroup.com\/es\/","name":"Prodware Blog ES","description":"","potentialAction":[{"@type":"SearchAction","target":{"@type":"EntryPoint","urlTemplate":"https:\/\/blog.prodwaregroup.com\/es\/?s={search_term_string}"},"query-input":{"@type":"PropertyValueSpecification","valueRequired":true,"valueName":"search_term_string"}}],"inLanguage":"es"}]}},"_links":{"self":[{"href":"https:\/\/blog.prodwaregroup.com\/es\/wp-json\/wp\/v2\/pages\/12091","targetHints":{"allow":["GET"]}}],"collection":[{"href":"https:\/\/blog.prodwaregroup.com\/es\/wp-json\/wp\/v2\/pages"}],"about":[{"href":"https:\/\/blog.prodwaregroup.com\/es\/wp-json\/wp\/v2\/types\/page"}],"author":[{"embeddable":true,"href":"https:\/\/blog.prodwaregroup.com\/es\/wp-json\/wp\/v2\/users\/320"}],"replies":[{"embeddable":true,"href":"https:\/\/blog.prodwaregroup.com\/es\/wp-json\/wp\/v2\/comments?post=12091"}],"version-history":[{"count":0,"href":"https:\/\/blog.prodwaregroup.com\/es\/wp-json\/wp\/v2\/pages\/12091\/revisions"}],"wp:attachment":[{"href":"https:\/\/blog.prodwaregroup.com\/es\/wp-json\/wp\/v2\/media?parent=12091"}],"curies":[{"name":"wp","href":"https:\/\/api.w.org\/{rel}","templated":true}]}}