{"id":3551,"date":"2013-10-28T10:55:21","date_gmt":"2013-10-28T10:55:21","guid":{"rendered":"https:\/\/blog.prodwaregroup.com\/es\/?page_id=3551"},"modified":"2013-10-28T10:55:21","modified_gmt":"2013-10-28T10:55:21","slug":"aviso-legal","status":"publish","type":"page","link":"https:\/\/blog.prodwaregroup.com\/es\/aviso-legal\/","title":{"rendered":"Aviso Legal"},"content":{"rendered":"<div id=\"td_uid_1_69e94503b632a\" class=\"tdc-row\"><div class=\"vc_row td_uid_1_69e94503b6338_rand  wpb_row td-pb-row\" >\n<style scoped>\n\n\/* custom css *\/\n.td_uid_1_69e94503b6338_rand {\r\r\n                    min-height: 0;\r\r\n                }\n<\/style><div class=\"vc_column vc_custom_1439635141570 td_uid_2_69e94503b883a_rand contact-page padding-bottom36 wpb_column vc_column_container tdc-column td-pb-span8\">\n<style scoped>\n\n\/* tdc_composer_block - inline css att *\/\n.vc_custom_1439635141570{background-color: #ffffff !important;}\n<\/style><div class=\"wpb_wrapper\"><div class=\"wpb_wrapper td_block_wrap vc_raw_html td_uid_3_69e94503b8b56_rand \"><div class=\"td-fix-index\"><h2>Aviso Legal<\/h2>\n<p>El presente sitio es propiedad de Prodware, compa\u00f1\u00eda del Grupo PRODWARE.<\/p>\n<h3>Alojamiento<\/h3>\n<p>El proveedor de servicios que garantiza el almacenamiento directo y permanente del sitio es el Grupo Prodware.<\/p>\n<h3>Derechos de autor y derecho de reproducci\u00f3n<\/h3>\n<p>El conjunto de este site depende de la legislaci\u00f3n internacional sobre derechos de autor y propiedad intelectual.<\/p>\n<p>Todos los derechos de reproducci\u00f3n est\u00e1n reservados, incluidos las representaciones iconogr\u00e1ficas y fotogr\u00e1ficas.<\/p>\n<p>La reproducci\u00f3n de todo el contenido o de parte de este site en cualquier soporte queda terminantemente prohibido salvo autorizaci\u00f3n expresa del administrador de la site.<\/p>\n<p>La reproducci\u00f3n de los textos sobre soporte de papel est\u00e1 autorizada siempre que se cumplan las tres condiciones siguientes:<\/p>\n<p>\u00bb gratuidad de la difusi\u00f3n<br>\n\u00bb respeto de la integridad de los documentos reproducidos (ninguna modificaci\u00f3n ni alteraci\u00f3n)<br>\n\u00bb citaci\u00f3n clara y legible del origen de la siguiente forma:<\/p>\n<p>\u201cEl documento es una extracci\u00f3n del site: <a href=\"http:\/\/www.prodware.es\/\">www.prodware.es<\/a>. Los derechos de reproducci\u00f3n quedan reservados y estrictamente limitados.\u201d<\/p>\n<p>Para cualquier otro uso, por favor, cons\u00faltenos.<\/p>\n<p>En conformidad al c\u00f3digo de la propiedad intelectual, estas representaciones iconogr\u00e1ficas y fotogr\u00e1ficas son propiedad de sus autores.<\/p>\n<p>La reproducci\u00f3n de estas fotograf\u00edas e ilustraciones queda prohibida sin autorizaci\u00f3n previa.<\/p>\n<h3>Informaci\u00f3n personal<\/h3>\n<p>El destinatario de la informaci\u00f3n enviada es Prodware, quien procesar\u00e1 sus&nbsp; peticiones de informaci\u00f3n. Usted tiene pleno derecho de acceso, modificaci\u00f3n, rectificaci\u00f3n y de supresi\u00f3n sobre su informaci\u00f3n nominal.<\/p>\n<p>Para ejercerlo, dir\u00edjase a:<\/p>\n<p><strong>Prodware ESPA\u00d1A<br>\n<\/strong>Tel. <strong>+34 91 831 69 70<\/strong><br>\nEmail : <a href=\"mailto:info.es@quriusprodware.com\">info.es@prodware.es<\/a><\/p>\n<p>Confidencialidad de los correos<\/p>\n<p>Concerniendo a las informaciones relativas al env\u00edo de correos electr\u00f3nicos le informamos que:<\/p>\n<p>\u00bb La confidencialidad de la correspondencia transmitida por la red Internet no est\u00e1 garantizada;<br>\n\u00bb Los correos electr\u00f3nicos son conservados por el soporte inform\u00e1tico el tiempo necesario que la compa\u00f1\u00eda necesite para proporcionarle una respuesta.<\/p>\n<h3>Enlaces<\/h3>\n<p>El sitio <a href=\"http:\/\/www.prodware.es\/\">www.prodware.es<\/a> contiene links a otras p\u00e1ginas. Estas p\u00e1ginas, cuyas direcciones son verificadas regularmente, no forman parte de la web de PRODWARE. El equipo editorial de Prodware no tiene el control de su contenido y declina toda responsabilidad en cuanto a las informaciones que son presentadas all\u00ed.<\/p><\/div><\/div><\/div><\/div><div class=\"vc_column td_uid_4_69e94503b8bbf_rand  wpb_column vc_column_container tdc-column td-pb-span4\"><div class=\"wpb_wrapper\"><div class=\"wpb_wrapper td_block_wrap vc_widget_sidebar td_uid_5_69e94503b8c6d_rand \" ><\/div><\/div><\/div><\/div><\/div>\r\n\r\r\n\t\t<script>\r\r\n\r\r\n\t\t\tjQuery(window).load(function () {\r\r\n\t\t\t\tjQuery('body').find('#td_uid_1_69e94503b632a .td-element-style').each(function (index, element) {\r\r\n\t\t\t\t\tjQuery(element).css('opacity', 1);\r\r\n\t\t\t\t\treturn;\r\r\n\t\t\t\t});\r\r\n\t\t\t});\r\r\n\r\r\n\t\t<\/script>\r\r\n\r\r\n\t\t\r\n\r\r\n\t\t\t<script>\r\r\n\r\r\n\t\t\t\tjQuery(window).ready(function () {\r\r\n\r\r\n\t\t\t\t\t\/\/ We need timeout because the content must be rendered and interpreted on client\r\r\n\t\t\t\t\tsetTimeout(function () {\r\r\n\r\r\n\t\t\t\t\t\tvar $content = jQuery('body').find('#tdc-live-iframe'),\r\r\n\t\t\t\t\t\t\trefWindow = undefined;\r\r\n\r\r\n\t\t\t\t\t\tif ($content.length) {\r\r\n\t\t\t\t\t\t\t$content = $content.contents();\r\r\n\t\t\t\t\t\t\trefWindow = document.getElementById('tdc-live-iframe').contentWindow || document.getElementById('tdc-live-iframe').contentDocument;\r\r\n\r\r\n\t\t\t\t\t\t} else {\r\r\n\t\t\t\t\t\t\t$content = jQuery('body');\r\r\n\t\t\t\t\t\t\trefWindow = window;\r\r\n\t\t\t\t\t\t}\r\r\n\r\r\n\t\t\t\t\t\t$content.find('#td_uid_1_69e94503b632a .td-element-style').each(function (index, element) {\r\r\n\t\t\t\t\t\t\tjQuery(element).css('opacity', 1);\r\r\n\t\t\t\t\t\t\treturn;\r\r\n\t\t\t\t\t\t});\r\r\n\t\t\t\t\t});\r\r\n\r\r\n\t\t\t\t}, 200);\r\r\n\t\t\t<\/script>\r\r\n\r\r\n\t\t\t","protected":false},"excerpt":{"rendered":"","protected":false},"author":320,"featured_media":0,"parent":0,"menu_order":0,"comment_status":"closed","ping_status":"closed","template":"page-vc.php","meta":{"footnotes":""},"class_list":["post-3551","page","type-page","status-publish"],"yoast_head":"<!-- This site is optimized with the Yoast SEO plugin v26.8 - https:\/\/yoast.com\/product\/yoast-seo-wordpress\/ -->\n<title>Aviso Legal - Prodware Blog ES<\/title>\n<meta name=\"description\" content=\"aviso legal,\" \/>\n<meta name=\"robots\" content=\"index, follow, max-snippet:-1, max-image-preview:large, max-video-preview:-1\" \/>\n<link rel=\"canonical\" href=\"https:\/\/blog.prodwaregroup.com\/es\/aviso-legal\/\" \/>\n<meta property=\"og:locale\" content=\"es_ES\" \/>\n<meta property=\"og:type\" content=\"article\" \/>\n<meta property=\"og:title\" content=\"Aviso Legal - Prodware Blog ES\" \/>\n<meta property=\"og:description\" content=\"aviso legal,\" \/>\n<meta property=\"og:url\" content=\"https:\/\/blog.prodwaregroup.com\/es\/aviso-legal\/\" \/>\n<meta property=\"og:site_name\" content=\"Prodware Blog ES\" \/>\n<meta name=\"twitter:card\" content=\"summary_large_image\" \/>\n<meta name=\"twitter:label1\" content=\"Tiempo de lectura\" \/>\n\t<meta name=\"twitter:data1\" content=\"2 minutos\" \/>\n<script type=\"application\/ld+json\" class=\"yoast-schema-graph\">{\"@context\":\"https:\/\/schema.org\",\"@graph\":[{\"@type\":\"WebPage\",\"@id\":\"https:\/\/blog.prodwaregroup.com\/es\/aviso-legal\/\",\"url\":\"https:\/\/blog.prodwaregroup.com\/es\/aviso-legal\/\",\"name\":\"Aviso Legal - Prodware Blog ES\",\"isPartOf\":{\"@id\":\"https:\/\/blog.prodwaregroup.com\/es\/#website\"},\"datePublished\":\"2013-10-28T10:55:21+00:00\",\"description\":\"aviso legal,\",\"inLanguage\":\"es\",\"potentialAction\":[{\"@type\":\"ReadAction\",\"target\":[\"https:\/\/blog.prodwaregroup.com\/es\/aviso-legal\/\"]}]},{\"@type\":\"WebSite\",\"@id\":\"https:\/\/blog.prodwaregroup.com\/es\/#website\",\"url\":\"https:\/\/blog.prodwaregroup.com\/es\/\",\"name\":\"Prodware Blog ES\",\"description\":\"\",\"potentialAction\":[{\"@type\":\"SearchAction\",\"target\":{\"@type\":\"EntryPoint\",\"urlTemplate\":\"https:\/\/blog.prodwaregroup.com\/es\/?s={search_term_string}\"},\"query-input\":{\"@type\":\"PropertyValueSpecification\",\"valueRequired\":true,\"valueName\":\"search_term_string\"}}],\"inLanguage\":\"es\"}]}<\/script>\n<!-- \/ Yoast SEO plugin. -->","yoast_head_json":{"title":"Aviso Legal - Prodware Blog ES","description":"aviso legal,","robots":{"index":"index","follow":"follow","max-snippet":"max-snippet:-1","max-image-preview":"max-image-preview:large","max-video-preview":"max-video-preview:-1"},"canonical":"https:\/\/blog.prodwaregroup.com\/es\/aviso-legal\/","og_locale":"es_ES","og_type":"article","og_title":"Aviso Legal - Prodware Blog ES","og_description":"aviso legal,","og_url":"https:\/\/blog.prodwaregroup.com\/es\/aviso-legal\/","og_site_name":"Prodware Blog ES","twitter_card":"summary_large_image","twitter_misc":{"Tiempo de lectura":"2 minutos"},"schema":{"@context":"https:\/\/schema.org","@graph":[{"@type":"WebPage","@id":"https:\/\/blog.prodwaregroup.com\/es\/aviso-legal\/","url":"https:\/\/blog.prodwaregroup.com\/es\/aviso-legal\/","name":"Aviso Legal - Prodware Blog ES","isPartOf":{"@id":"https:\/\/blog.prodwaregroup.com\/es\/#website"},"datePublished":"2013-10-28T10:55:21+00:00","description":"aviso legal,","inLanguage":"es","potentialAction":[{"@type":"ReadAction","target":["https:\/\/blog.prodwaregroup.com\/es\/aviso-legal\/"]}]},{"@type":"WebSite","@id":"https:\/\/blog.prodwaregroup.com\/es\/#website","url":"https:\/\/blog.prodwaregroup.com\/es\/","name":"Prodware Blog ES","description":"","potentialAction":[{"@type":"SearchAction","target":{"@type":"EntryPoint","urlTemplate":"https:\/\/blog.prodwaregroup.com\/es\/?s={search_term_string}"},"query-input":{"@type":"PropertyValueSpecification","valueRequired":true,"valueName":"search_term_string"}}],"inLanguage":"es"}]}},"_links":{"self":[{"href":"https:\/\/blog.prodwaregroup.com\/es\/wp-json\/wp\/v2\/pages\/3551","targetHints":{"allow":["GET"]}}],"collection":[{"href":"https:\/\/blog.prodwaregroup.com\/es\/wp-json\/wp\/v2\/pages"}],"about":[{"href":"https:\/\/blog.prodwaregroup.com\/es\/wp-json\/wp\/v2\/types\/page"}],"author":[{"embeddable":true,"href":"https:\/\/blog.prodwaregroup.com\/es\/wp-json\/wp\/v2\/users\/320"}],"replies":[{"embeddable":true,"href":"https:\/\/blog.prodwaregroup.com\/es\/wp-json\/wp\/v2\/comments?post=3551"}],"version-history":[{"count":0,"href":"https:\/\/blog.prodwaregroup.com\/es\/wp-json\/wp\/v2\/pages\/3551\/revisions"}],"wp:attachment":[{"href":"https:\/\/blog.prodwaregroup.com\/es\/wp-json\/wp\/v2\/media?parent=3551"}],"curies":[{"name":"wp","href":"https:\/\/api.w.org\/{rel}","templated":true}]}}